{"id":392,"date":"2024-07-24T14:26:22","date_gmt":"2024-07-24T12:26:22","guid":{"rendered":"https:\/\/marimonassessors.com\/?page_id=392"},"modified":"2024-07-24T14:30:25","modified_gmt":"2024-07-24T12:30:25","slug":"p-de-cookies","status":"publish","type":"page","link":"https:\/\/marimonassessors.com\/ca\/p-de-cookies\/","title":{"rendered":"P. de Cookies"},"content":{"rendered":"<div data-elementor-type=\"wp-page\" data-elementor-id=\"392\" class=\"elementor elementor-392\" data-elementor-post-type=\"page\">\n\t\t\t\t<div class=\"elementor-element elementor-element-8d1f69f e-flex e-con-boxed e-con e-parent\" data-id=\"8d1f69f\" data-element_type=\"container\">\n\t\t\t\t\t<div class=\"e-con-inner\">\n\t\t\t\t<div class=\"elementor-element elementor-element-74a5ec1 elementor-widget elementor-widget-heading\" data-id=\"74a5ec1\" data-element_type=\"widget\" data-widget_type=\"heading.default\">\n\t\t\t\t<div class=\"elementor-widget-container\">\n\t\t\t<h2 class=\"elementor-heading-title elementor-size-default\">P. de Cookies<\/h2>\t\t<\/div>\n\t\t\t\t<\/div>\n\t\t\t\t<div class=\"elementor-element elementor-element-14dd05d elementor-widget elementor-widget-text-editor\" data-id=\"14dd05d\" data-element_type=\"widget\" data-widget_type=\"text-editor.default\">\n\t\t\t\t<div class=\"elementor-widget-container\">\n\t\t\t\t\t\t\t<p>El nostre lloc web 3502 utilitza una tecnologia anomenada &#039;cookie&#039;, per tal de poder obtenir informaci\u00f3 sobre l&#039;\u00fas del lloc web, millorar l&#039;experi\u00e8ncia de l&#039;usuari i garantir-ne el funcionament correcte.<\/p><h2 class=\"title3 titol\">Definici\u00f3 de Cookie<\/h2><p>Una &#039;cookie&#039; \u00e9s un petit fragment de text que els llocs web envien al navegador i que s&#039;emmagatzemen al terminal de l&#039;usuari, (ordinador o dispositiu m\u00f2bil). Aquests fitxers tenen la finalitat d&#039;emmagatzemar dades que podran ser actualitzades i recuperades per l&#039;entitat responsable de la instal\u00b7laci\u00f3. Aix\u00ed, cada cop que l&#039;usuari torna a visitar el mateix lloc web, l&#039;explorador recupera el fitxer i l&#039;envia al servidor del lloc web. Les cookies tenen diverses funcions entre les quals s&#039;inclouen, recollir informaci\u00f3 sobre les prefer\u00e8ncies de l&#039;usuari i recordar-la, i en general, facilitar l&#039;\u00fas del lloc web a l&#039;usuari fent que el lloc sigui m\u00e9s \u00fatil en personalitzar-ne el contingut.<\/p><p>Les galetes es poden classificar en base a diferents par\u00e0metres:<\/p><ol class=\"\"><li><div class=\"cont\"><p><span class=\"text-bold\">Titularitat:<\/span>\u00a0galetes pr\u00f2pies i galetes de tercers: depenent de quina sigui l&#039;entitat que gestioni el domini des d&#039;on s&#039;envien les galetes i es tractin les dades que s&#039;obtinguin.<\/p><\/div><\/li><li><div class=\"cont\"><p><span class=\"text-bold\">Durada:<\/span>\u00a0cookies de sessi\u00f3 i cookies persistents: d&#039;acord amb el termini de temps que romanen emmagatzemades al terminal de l&#039;usuari.<\/p><\/div><\/li><li><div class=\"cont\"><p><span class=\"text-bold\">Finalitat:<\/span>\u00a0galetes t\u00e8cniques, galetes de personalitzaci\u00f3, galetes d&#039;an\u00e0lisi, galetes publicit\u00e0ries, galetes de publicitat comportamental, d&#039;acord amb la finalitat per a la qual es tractin les dades obtingudes.<\/p><ul class=\"\"><li><div class=\"cont\"><p><span class=\"text-underline\">Galetes t\u00e8cniques:<\/span>\u00a0s\u00f3n aquelles que permeten a l&#039;usuari la navegaci\u00f3 a trav\u00e9s de la p\u00e0gina web o aplicaci\u00f3 i la utilitzaci\u00f3 de les diferents opcions o serveis que hi existeixen. Per exemple, controlar el tr\u00e0nsit i la comunicaci\u00f3 de dades, identificar la sessi\u00f3 o accedir a les parts web dacc\u00e9s restringit.<\/p><\/div><\/li><li><div class=\"cont\"><p><span class=\"text-underline\">Cookies de personalitzaci\u00f3:<\/span>\u00a0s\u00f3n aquelles que permeten a l&#039;usuari accedir al servei amb algunes caracter\u00edstiques de car\u00e0cter general predefinides al seu terminal o que el mateix usuari defineixi. Per exemple, l&#039;idioma, el tipus de navegador a trav\u00e9s del qual accediu al servei o el disseny de continguts seleccionat.<\/p><\/div><\/li><li><div class=\"cont\"><p><span class=\"text-underline\">Galetes d&#039;an\u00e0lisi:<\/span>\u00a0s\u00f3n aquelles que o b\u00e9 tractades per nosaltres o per tercers, ens permeten quantificar el nombre d&#039;usuaris i aix\u00ed fer l&#039;an\u00e0lisi estad\u00edstica de la utilitzaci\u00f3 que fan els usuaris del servei ofert. Per aix\u00f2 s&#039;analitza la vostra navegaci\u00f3 a la nostra p\u00e0gina web per millorar l&#039;oferta de productes o serveis que us oferim.<\/p><\/div><\/li><li><div class=\"cont\"><p><span class=\"text-underline\">Cookies publicit\u00e0ries:<\/span>\u00a0s\u00f3n aquelles que permeten la gesti\u00f3, de la manera m\u00e9s efica\u00e7 possible, els espais publicitaris que, si escau, l&#039;editor hagi incl\u00f2s en una p\u00e0gina web, aplicaci\u00f3 o plataforma des de la qual presta el servei sol\u00b7licitat sobre la base de criteris com el contingut editat o la freq\u00fc\u00e8ncia en qu\u00e8 es mostren els anuncis.<\/p><\/div><\/li><li><div class=\"cont\"><p><span class=\"text-underline\">Cookies de publicitat comportamental:<\/span>\u00a0s\u00f3n aquelles que permeten la gesti\u00f3, de la manera m\u00e9s efica\u00e7 possible, dels espais publicitaris que, si escau, l&#039;editor hagi incl\u00f2s en una p\u00e0gina web, aplicaci\u00f3 o plataforma des de la qual presta el servei sol\u00b7licitat. Aquestes cookies emmagatzemen informaci\u00f3 del comportament dels usuaris obtinguda a trav\u00e9s de l&#039;observaci\u00f3 continuada dels seus h\u00e0bits de navegaci\u00f3, cosa que permet desenvolupar un perfil espec\u00edfic per mostrar publicitat en funci\u00f3 del mateix.<\/p><\/div><\/li><\/ul><\/div><\/li><\/ol><h2 class=\"title3 titol\">Cookies utilitzades al nostre lloc web<\/h2><p>El nostre lloc web utilitza tant cookies pr\u00f2pies, que s\u00f3n les enviades al vostre dispositiu i gestionades exclusivament per nosaltres per al millor funcionament del lloc web, com cookies de tercers, amb la funci\u00f3 de servir-nos com a eina d&#039;an\u00e0lisi de la interacci\u00f3 els usuaris amb la nostra web , gr\u00e0cies a elles obtenim una informaci\u00f3 que pot ajudar a millorar la navegaci\u00f3 i donar un millor servei als usuaris.<\/p><p>Utilitzem tant galetes temporals de sessi\u00f3 com galetes persistents. Les galetes de sessi\u00f3 emmagatzemen dades \u00fanicament mentre l&#039;usuari accedeix a la web i les galetes persistents emmagatzemen les dades al terminal perqu\u00e8 siguin accedides i utilitzades en m\u00e9s d&#039;una sessi\u00f3.<\/p><p>Concretament les cookies utilitzades al nostre lloc web s\u00f3n:<\/p><h3 class=\"title4 titol\">Cookies pr\u00f2pies:<\/h3><p>Les cookies pr\u00f2pies que utilitzem al nostre lloc web s\u00f3n de car\u00e0cter t\u00e8cnic, fonamentals per al funcionament de la web.<\/p><h3 class=\"title4 titol\">Cookies de tercers:<\/h3><h4 class=\"title5 titol\">__utmz, __ utmc, __utma, __utmb,__utmt, __ga, __gat<\/h4><ul class=\"\"><li><div class=\"cont\"><p><span class=\"text-underline\">Titular:<\/span>\u00a0Google Inc. (Google Analytics)<\/p><\/div><\/li><li><div class=\"cont\"><p><span class=\"text-underline\">Finalitat:<\/span>\u00a0Anal\u00edtiques: analitzen el tr\u00e0nsit d\u02bbaquesta web.<\/p><\/div><\/li><li><div class=\"cont\"><p><span class=\"text-underline\">Durada:<\/span>\u00a0Sessi\u00f3 i persistents<\/p><\/div><\/li><\/ul><p class=\"titol\">Per obtenir m\u00e9s informaci\u00f3 sobre les cookies i\/o per a la seva desactivaci\u00f3 podeu clicar sobre els enlla\u00e7os que hi ha en el nom dels diferents titulars.<\/p><p>Finalment, tamb\u00e9 s&#039;utilitzen galetes de complement (plug-in) per intercanviar continguts socials.<\/p><h2 class=\"title3 titol\">Consentiment<\/h2><p>En navegar i continuar al nostre lloc web l&#039;usuari estar\u00e0 consentint l&#039;\u00fas de les cookies abans enunciades, pels terminis assenyalats i en les condicions contingudes a la present Pol\u00edtica sobre Cookies<\/p><p>Aix\u00ed mateix, us informem que si consulta continguts a la nostra web allotjats en webs de tercers, aquests tenen la seva pr\u00f2pia pol\u00edtica de cookies.<\/p><h2 class=\"title3 titol\">Retirada del consentiment<\/h2><p>L&#039;usuari podr\u00e0 retirar en qualsevol moment el seu consentiment relacionat amb aquesta Pol\u00edtica sobre Cookies, per a aix\u00f2 haur\u00e0 d&#039;eliminar les cookies emmagatzemades al vostre equip utilitzant els ajustaments i configuracions del vostre navegador d&#039;Internet.<\/p><h2 class=\"title3 titol\">Modificaci\u00f3 de la configuraci\u00f3 de les cookies<\/h2><p><a name=\"cookies-config\"><\/a><\/p><p>L&#039;usuari pot restringir, bloquejar o esborrar les galetes de qualsevol lloc web, utilitzant el vostre navegador. A cada navegador l&#039;operativa \u00e9s diferent, per la qual cosa podeu consultar els seg\u00fcents enlla\u00e7os la forma de fer-ho<\/p><ul class=\"\"><li><div class=\"cont\"><p><strong>Internet Explorer:<\/strong>\u00a0<a href=\"https:\/\/support.microsoft.com\/es-es\/help\/17442\/windows-internet-explorer-delete-manage-cookies#ie=ie-11\" target=\"_blank\" rel=\"nofollow noopener\">https:\/\/support.microsoft.com\/es-es\/help\/17442\/windows-internet-explorer-delete-manage-cookies#ie=ie-11<\/a><\/p><\/div><\/li><li><div class=\"cont\"><p><strong>Edge:<\/strong>\u00a0<a href=\"https:\/\/support.microsoft.com\/es-es\/help\/4468242\/microsoft-edge-browsing-data-and-privacy-microsoft-privacy\" target=\"_blank\" rel=\"nofollow noopener\">https:\/\/support.microsoft.com\/es-es\/help\/4468242\/microsoft-edge-browsing-data-and-privacy-microsoft-privacy<\/a><\/p><\/div><\/li><li><div class=\"cont\"><p><strong>FireFox:<\/strong>\u00a0<a href=\"https:\/\/support.mozilla.org\/es\/kb\/clear-cookies-and-site-data-firefox\" target=\"_blank\" rel=\"nofollow noopener\">https:\/\/support.mozilla.org\/es\/kb\/clear-cookies-and-site-data-firefox<\/a><\/p><\/div><\/li><li><div class=\"cont\"><p><strong>Chrome:<\/strong>\u00a0<a href=\"https:\/\/support.google.com\/chrome\/answer\/95647?hl=es\" target=\"_blank\" rel=\"nofollow noopener\">https:\/\/support.google.com\/chrome\/answer\/95647?hl=es<\/a><\/p><\/div><\/li><li><div class=\"cont\"><p><strong>Safari (mac):<\/strong>\u00a0<a href=\"https:\/\/support.apple.com\/es-es\/guide\/safari\/manage-cookies-and-website-data-sfri11471\/mac\" target=\"_blank\" rel=\"nofollow noopener\">https:\/\/support.apple.com\/es-es\/guide\/safari\/manage-cookies-and-website-data-sfri11471\/mac<\/a><\/p><\/div><\/li><li><div class=\"cont\"><p><strong>Safari (iPhone\/iPad):<\/strong>\u00a0<a href=\"https:\/\/support.apple.com\/es-es\/HT201265\" target=\"_blank\" rel=\"nofollow noopener\">https:\/\/support.apple.com\/es-es\/HT201265<\/a><\/p><\/div><\/li><li><div class=\"cont\"><p><strong>Opera:<\/strong>\u00a0<a href=\"https:\/\/help.opera.com\/en\/latest\/web-preferences\/#cookies\" target=\"_blank\" rel=\"nofollow noopener\">https:\/\/help.opera.com\/en\/latest\/web-preferences\/#cookies<\/a><\/p><\/div><\/li><\/ul><p>Per obtenir m\u00e9s informaci\u00f3 sobre l&#039;eliminaci\u00f3, deshabilitaci\u00f3 o bloqueig de les galetes tamb\u00e9 podeu visitar:<br \/><a href=\"https:\/\/www.aboutcookies.org\/how-to-manage-and-delete-cookies\" target=\"_blank\" rel=\"nofollow noopener\">https:\/\/www.aboutcookies.org\/how-to-manage-and-delete-cookies<\/a><\/p><h2 class=\"title3 titol\">Actualitzaci\u00f3 de la pol\u00edtica de cookies<\/h2><p>Aquest lloc web pot modificar aquesta Pol\u00edtica sobre Cookies, per aix\u00f2 us recomanem revisar aquesta pol\u00edtica cada vegada que accediu al nostre lloc web per estar adequadament informat sobre l&#039;\u00fas que fem de les cookies.<\/p><p>Darrera actualitzaci\u00f3: 11\/01\/2024.<\/p>\t\t\t\t\t\t<\/div>\n\t\t\t\t<\/div>\n\t\t\t\t\t<\/div>\n\t\t\t\t<\/div>\n\t\t\t\t<\/div>","protected":false},"excerpt":{"rendered":"<p>El nostre lloc web 3502 utilitza una tecnologia anomenada &#039;cookie&#039;, per tal de poder obtenir informaci\u00f3 sobre l&#039;\u00fas del lloc web, millorar l&#039;experi\u00e8ncia de l&#039;usuari i garantir-ne el funcionament correcte. Definici\u00f3 de Cookie Una &#039;cookie&#039; \u00e9s un petit fragment de text que els llocs web envien al navegador i que s&#039;emmagatzemen [\u2026]<\/p>","protected":false},"author":1,"featured_media":0,"parent":0,"menu_order":0,"comment_status":"closed","ping_status":"closed","template":"","meta":{"footnotes":""},"class_list":["post-392","page","type-page","status-publish","hentry"],"yoast_head":"<!-- This site is optimized with the Yoast SEO plugin v23.1 - https:\/\/yoast.com\/wordpress\/plugins\/seo\/ -->\n<title>P. de Cookies - Marimon Assessors<\/title>\n<meta name=\"robots\" content=\"index, follow, max-snippet:-1, max-image-preview:large, max-video-preview:-1\" \/>\n<link rel=\"canonical\" href=\"https:\/\/marimonassessors.com\/ca\/p-de-cookies\/\" \/>\n<meta property=\"og:locale\" content=\"ca_ES\" \/>\n<meta property=\"og:type\" content=\"article\" \/>\n<meta property=\"og:title\" content=\"P. de Cookies - Marimon Assessors\" \/>\n<meta property=\"og:description\" content=\"Nuestro sitio web 3502 utiliza una tecnolog\u00eda llamada &#8216;cookie&#8217;, con el fin de poder obtener informaci\u00f3n sobre el uso del sitio web, mejorar la experiencia del usuario y garantizar el su correcto funcionamiento. Definici\u00f3n de Cookie Una &#8216;cookie&#8217; es un peque\u00f1o fragmento de texto que los sitios web env\u00edan al navegador y que se almacenan [&hellip;]\" \/>\n<meta property=\"og:url\" content=\"https:\/\/marimonassessors.com\/ca\/p-de-cookies\/\" \/>\n<meta property=\"og:site_name\" content=\"Marimon Assessors\" \/>\n<meta property=\"article:modified_time\" content=\"2024-07-24T12:30:25+00:00\" \/>\n<meta name=\"twitter:card\" content=\"summary_large_image\" \/>\n<meta name=\"twitter:label1\" content=\"Temps estimat de lectura\" \/>\n\t<meta name=\"twitter:data1\" content=\"2 minuts\" \/>\n<script type=\"application\/ld+json\" class=\"yoast-schema-graph\">{\"@context\":\"https:\/\/schema.org\",\"@graph\":[{\"@type\":\"WebPage\",\"@id\":\"https:\/\/marimonassessors.com\/p-de-cookies\/\",\"url\":\"https:\/\/marimonassessors.com\/p-de-cookies\/\",\"name\":\"P. de Cookies - Marimon Assessors\",\"isPartOf\":{\"@id\":\"https:\/\/marimonassessors.com\/#website\"},\"datePublished\":\"2024-07-24T12:26:22+00:00\",\"dateModified\":\"2024-07-24T12:30:25+00:00\",\"breadcrumb\":{\"@id\":\"https:\/\/marimonassessors.com\/p-de-cookies\/#breadcrumb\"},\"inLanguage\":\"ca\",\"potentialAction\":[{\"@type\":\"ReadAction\",\"target\":[\"https:\/\/marimonassessors.com\/p-de-cookies\/\"]}]},{\"@type\":\"BreadcrumbList\",\"@id\":\"https:\/\/marimonassessors.com\/p-de-cookies\/#breadcrumb\",\"itemListElement\":[{\"@type\":\"ListItem\",\"position\":1,\"name\":\"Portada\",\"item\":\"https:\/\/marimonassessors.com\/\"},{\"@type\":\"ListItem\",\"position\":2,\"name\":\"P. de Cookies\"}]},{\"@type\":\"WebSite\",\"@id\":\"https:\/\/marimonassessors.com\/#website\",\"url\":\"https:\/\/marimonassessors.com\/\",\"name\":\"Marimon Assessors\",\"description\":\"\",\"potentialAction\":[{\"@type\":\"SearchAction\",\"target\":{\"@type\":\"EntryPoint\",\"urlTemplate\":\"https:\/\/marimonassessors.com\/?s={search_term_string}\"},\"query-input\":\"required name=search_term_string\"}],\"inLanguage\":\"ca\"}]}<\/script>\n<!-- \/ Yoast SEO plugin. -->","yoast_head_json":{"title":"P. de Cookies - Marimon Assessors","robots":{"index":"index","follow":"follow","max-snippet":"max-snippet:-1","max-image-preview":"max-image-preview:large","max-video-preview":"max-video-preview:-1"},"canonical":"https:\/\/marimonassessors.com\/ca\/p-de-cookies\/","og_locale":"ca_ES","og_type":"article","og_title":"P. de Cookies - Marimon Assessors","og_description":"Nuestro sitio web 3502 utiliza una tecnolog\u00eda llamada &#8216;cookie&#8217;, con el fin de poder obtener informaci\u00f3n sobre el uso del sitio web, mejorar la experiencia del usuario y garantizar el su correcto funcionamiento. Definici\u00f3n de Cookie Una &#8216;cookie&#8217; es un peque\u00f1o fragmento de texto que los sitios web env\u00edan al navegador y que se almacenan [&hellip;]","og_url":"https:\/\/marimonassessors.com\/ca\/p-de-cookies\/","og_site_name":"Marimon Assessors","article_modified_time":"2024-07-24T12:30:25+00:00","twitter_card":"summary_large_image","twitter_misc":{"Temps estimat de lectura":"2 minuts"},"schema":{"@context":"https:\/\/schema.org","@graph":[{"@type":"WebPage","@id":"https:\/\/marimonassessors.com\/p-de-cookies\/","url":"https:\/\/marimonassessors.com\/p-de-cookies\/","name":"P. de Cookies - Marimon Assessors","isPartOf":{"@id":"https:\/\/marimonassessors.com\/#website"},"datePublished":"2024-07-24T12:26:22+00:00","dateModified":"2024-07-24T12:30:25+00:00","breadcrumb":{"@id":"https:\/\/marimonassessors.com\/p-de-cookies\/#breadcrumb"},"inLanguage":"ca","potentialAction":[{"@type":"ReadAction","target":["https:\/\/marimonassessors.com\/p-de-cookies\/"]}]},{"@type":"BreadcrumbList","@id":"https:\/\/marimonassessors.com\/p-de-cookies\/#breadcrumb","itemListElement":[{"@type":"ListItem","position":1,"name":"Portada","item":"https:\/\/marimonassessors.com\/"},{"@type":"ListItem","position":2,"name":"P. de Cookies"}]},{"@type":"WebSite","@id":"https:\/\/marimonassessors.com\/#website","url":"https:\/\/marimonassessors.com\/","name":"Marimon Assessors","description":"","potentialAction":[{"@type":"SearchAction","target":{"@type":"EntryPoint","urlTemplate":"https:\/\/marimonassessors.com\/?s={search_term_string}"},"query-input":"required name=search_term_string"}],"inLanguage":"ca"}]}},"_links":{"self":[{"href":"https:\/\/marimonassessors.com\/ca\/wp-json\/wp\/v2\/pages\/392","targetHints":{"allow":["GET"]}}],"collection":[{"href":"https:\/\/marimonassessors.com\/ca\/wp-json\/wp\/v2\/pages"}],"about":[{"href":"https:\/\/marimonassessors.com\/ca\/wp-json\/wp\/v2\/types\/page"}],"author":[{"embeddable":true,"href":"https:\/\/marimonassessors.com\/ca\/wp-json\/wp\/v2\/users\/1"}],"replies":[{"embeddable":true,"href":"https:\/\/marimonassessors.com\/ca\/wp-json\/wp\/v2\/comments?post=392"}],"version-history":[{"count":4,"href":"https:\/\/marimonassessors.com\/ca\/wp-json\/wp\/v2\/pages\/392\/revisions"}],"predecessor-version":[{"id":405,"href":"https:\/\/marimonassessors.com\/ca\/wp-json\/wp\/v2\/pages\/392\/revisions\/405"}],"wp:attachment":[{"href":"https:\/\/marimonassessors.com\/ca\/wp-json\/wp\/v2\/media?parent=392"}],"curies":[{"name":"wp","href":"https:\/\/api.w.org\/{rel}","templated":true}]}}