{"id":389,"date":"2024-07-24T14:26:10","date_gmt":"2024-07-24T12:26:10","guid":{"rendered":"https:\/\/marimonassessors.com\/?page_id=389"},"modified":"2024-07-24T14:28:02","modified_gmt":"2024-07-24T12:28:02","slug":"aviso-legal","status":"publish","type":"page","link":"https:\/\/marimonassessors.com\/ca\/aviso-legal\/","title":{"rendered":"Av\u00eds legal"},"content":{"rendered":"<div data-elementor-type=\"wp-page\" data-elementor-id=\"389\" class=\"elementor elementor-389\" data-elementor-post-type=\"page\">\n\t\t\t\t<div class=\"elementor-element elementor-element-5149cd1 e-flex e-con-boxed e-con e-parent\" data-id=\"5149cd1\" data-element_type=\"container\">\n\t\t\t\t\t<div class=\"e-con-inner\">\n\t\t\t\t<div class=\"elementor-element elementor-element-26251e6 elementor-widget elementor-widget-heading\" data-id=\"26251e6\" data-element_type=\"widget\" data-widget_type=\"heading.default\">\n\t\t\t\t<div class=\"elementor-widget-container\">\n\t\t\t<h2 class=\"elementor-heading-title elementor-size-default\">Av\u00eds legal<\/h2>\t\t<\/div>\n\t\t\t\t<\/div>\n\t\t\t\t<div class=\"elementor-element elementor-element-4f19989 elementor-widget elementor-widget-text-editor\" data-id=\"4f19989\" data-element_type=\"widget\" data-widget_type=\"text-editor.default\">\n\t\t\t\t<div class=\"elementor-widget-container\">\n\t\t\t\t\t\t\t<p>De conformitat amb la Llei 34\/2002, de Serveis de la Societat de la Informaci\u00f3 i de Comer\u00e7 Electr\u00f2nic, us informem que aquesta web \u00e9s titularitat de Marimon Assessors, SL, (d&#039;ara endavant \u201cEL TITULAR\u201d), amb CIF: B08655045, amb domicili al c. de les Valls, 10, 5a planta de Sabadell (08201); marcatienza@marimonassessors.com.<\/p><h2 class=\"title3 titol text-uppercase\">PROPIETAT INTEL\u00b7LECTUAL I INDUSTRIAL<\/h2><p>Els continguts d&#039;aquest lloc, incloent-hi els textos, les imatges i els dissenys gr\u00e0fics, pertanyen a EL TITULAR, oa tercers que n&#039;han autoritzat l&#039;\u00fas amb aquests continguts amb finalitats d&#039;informaci\u00f3 i promoci\u00f3. Qualsevol utilitzaci\u00f3 d&#039;aquests dissenys, imatges o textos haur\u00e0 de citar expressament la seva pertinen\u00e7a a EL TITULAR, que es reserva el dret d&#039;iniciar les accions legals oportunes per reparar els danys<\/p><h2 class=\"title3 titol text-uppercase\">EXCLUSI\u00d3 DE RESPONSABILITAT<\/h2><p>EL TITULAR actua amb la m\u00e0xima dilig\u00e8ncia possible perqu\u00e8 les dades i la informaci\u00f3 que ofereix al vostre lloc web estigui actualitzada en tom moment, si b\u00e9 no garanteix ni es fa responsable de l&#039;exactitud i actualitzaci\u00f3 dels continguts del lloc web, reservant-se el dret a modificar aquests continguts en qualsevol moment. EL TITULAR tampoc no ser\u00e0 responsable de la informaci\u00f3 que es pugui obtenir a trav\u00e9s d&#039;enlla\u00e7os inclosos al lloc web.<\/p><p>Les relacions comercials amb els clients es regeixen per les Condicions Generals que, si s&#039;escau, el TITULAR estableixi en un document espec\u00edfic a aquest efecte, o pels pactes concrets que es puguin acordar amb els clients.<\/p><h2 class=\"title3 titol text-uppercase\">CONDICIONS D&#039;\u00daS<\/h2><p>L\u00b4\u00fas d\u00b4aquest lloc web implica l\u00b4acceptaci\u00f3 plena dels termes del present av\u00eds legal. Els possibles conflictes relatius a aquest lloc web es regiran exclusivament pel dret de l&#039;Estat Espanyol. Tota persona usu\u00e0ria de la web, independentment de la jurisdicci\u00f3 territorial des de la qual es produeixi el seu acc\u00e9s, accepta el compliment i respecte d&#039;aquestes cl\u00e0usules amb ren\u00fancia expressa a qualsevol altre fur que li pogu\u00e9s correspondre.<\/p>\t\t\t\t\t\t<\/div>\n\t\t\t\t<\/div>\n\t\t\t\t\t<\/div>\n\t\t\t\t<\/div>\n\t\t\t\t<\/div>","protected":false},"excerpt":{"rendered":"<p>De conformitat amb la Llei 34\/2002, de Serveis de la Societat de la Informaci\u00f3 i de Comer\u00e7 Electr\u00f2nic, us informem que aquesta web \u00e9s titularitat de Marimon Assessors, SL, (d&#039;ara endavant \u201cEL TITULAR\u201d), amb CIF: B08655045, amb domicili al c. de les Valls, 10, 5a planta de Sabadell (08201); marcatienza@marimonassessors.com. PROPIETAT [\u2026]<\/p>","protected":false},"author":1,"featured_media":0,"parent":0,"menu_order":0,"comment_status":"closed","ping_status":"closed","template":"","meta":{"footnotes":""},"class_list":["post-389","page","type-page","status-publish","hentry"],"yoast_head":"<!-- This site is optimized with the Yoast SEO plugin v23.1 - https:\/\/yoast.com\/wordpress\/plugins\/seo\/ -->\n<title>Aviso legal - Marimon Assessors<\/title>\n<meta name=\"robots\" content=\"index, follow, max-snippet:-1, max-image-preview:large, max-video-preview:-1\" \/>\n<link rel=\"canonical\" href=\"https:\/\/marimonassessors.com\/ca\/aviso-legal\/\" \/>\n<meta property=\"og:locale\" content=\"ca_ES\" \/>\n<meta property=\"og:type\" content=\"article\" \/>\n<meta property=\"og:title\" content=\"Aviso legal - Marimon Assessors\" \/>\n<meta property=\"og:description\" content=\"De conformidad con la Ley 34\/2002, de Servicios de la Sociedad de la Informaci\u00f3n y de Comercio Electr\u00f3nico, le informamos que esta web es titularidad de Marimon Assessors, SL, (en adelante \u201cEL TITULAR\u201d), con CIF: B08655045, con domicilio en c. de les Valls, 10, 5\u00aa planta de Sabadell (08201); tel\u00e9fono 677557828; correo electr\u00f3nico marcatienza@marimonassessors.com. PROPIEDAD [&hellip;]\" \/>\n<meta property=\"og:url\" content=\"https:\/\/marimonassessors.com\/ca\/aviso-legal\/\" \/>\n<meta property=\"og:site_name\" content=\"Marimon Assessors\" \/>\n<meta property=\"article:modified_time\" content=\"2024-07-24T12:28:02+00:00\" \/>\n<meta name=\"twitter:card\" content=\"summary_large_image\" \/>\n<meta name=\"twitter:label1\" content=\"Temps estimat de lectura\" \/>\n\t<meta name=\"twitter:data1\" content=\"2 minuts\" \/>\n<script type=\"application\/ld+json\" class=\"yoast-schema-graph\">{\"@context\":\"https:\/\/schema.org\",\"@graph\":[{\"@type\":\"WebPage\",\"@id\":\"https:\/\/marimonassessors.com\/aviso-legal\/\",\"url\":\"https:\/\/marimonassessors.com\/aviso-legal\/\",\"name\":\"Aviso legal - Marimon Assessors\",\"isPartOf\":{\"@id\":\"https:\/\/marimonassessors.com\/#website\"},\"datePublished\":\"2024-07-24T12:26:10+00:00\",\"dateModified\":\"2024-07-24T12:28:02+00:00\",\"breadcrumb\":{\"@id\":\"https:\/\/marimonassessors.com\/aviso-legal\/#breadcrumb\"},\"inLanguage\":\"ca\",\"potentialAction\":[{\"@type\":\"ReadAction\",\"target\":[\"https:\/\/marimonassessors.com\/aviso-legal\/\"]}]},{\"@type\":\"BreadcrumbList\",\"@id\":\"https:\/\/marimonassessors.com\/aviso-legal\/#breadcrumb\",\"itemListElement\":[{\"@type\":\"ListItem\",\"position\":1,\"name\":\"Portada\",\"item\":\"https:\/\/marimonassessors.com\/\"},{\"@type\":\"ListItem\",\"position\":2,\"name\":\"Aviso legal\"}]},{\"@type\":\"WebSite\",\"@id\":\"https:\/\/marimonassessors.com\/#website\",\"url\":\"https:\/\/marimonassessors.com\/\",\"name\":\"Marimon Assessors\",\"description\":\"\",\"potentialAction\":[{\"@type\":\"SearchAction\",\"target\":{\"@type\":\"EntryPoint\",\"urlTemplate\":\"https:\/\/marimonassessors.com\/?s={search_term_string}\"},\"query-input\":\"required name=search_term_string\"}],\"inLanguage\":\"ca\"}]}<\/script>\n<!-- \/ Yoast SEO plugin. -->","yoast_head_json":{"title":"Aviso legal - Marimon Assessors","robots":{"index":"index","follow":"follow","max-snippet":"max-snippet:-1","max-image-preview":"max-image-preview:large","max-video-preview":"max-video-preview:-1"},"canonical":"https:\/\/marimonassessors.com\/ca\/aviso-legal\/","og_locale":"ca_ES","og_type":"article","og_title":"Aviso legal - Marimon Assessors","og_description":"De conformidad con la Ley 34\/2002, de Servicios de la Sociedad de la Informaci\u00f3n y de Comercio Electr\u00f3nico, le informamos que esta web es titularidad de Marimon Assessors, SL, (en adelante \u201cEL TITULAR\u201d), con CIF: B08655045, con domicilio en c. de les Valls, 10, 5\u00aa planta de Sabadell (08201); tel\u00e9fono 677557828; correo electr\u00f3nico marcatienza@marimonassessors.com. PROPIEDAD [&hellip;]","og_url":"https:\/\/marimonassessors.com\/ca\/aviso-legal\/","og_site_name":"Marimon Assessors","article_modified_time":"2024-07-24T12:28:02+00:00","twitter_card":"summary_large_image","twitter_misc":{"Temps estimat de lectura":"2 minuts"},"schema":{"@context":"https:\/\/schema.org","@graph":[{"@type":"WebPage","@id":"https:\/\/marimonassessors.com\/aviso-legal\/","url":"https:\/\/marimonassessors.com\/aviso-legal\/","name":"Aviso legal - Marimon Assessors","isPartOf":{"@id":"https:\/\/marimonassessors.com\/#website"},"datePublished":"2024-07-24T12:26:10+00:00","dateModified":"2024-07-24T12:28:02+00:00","breadcrumb":{"@id":"https:\/\/marimonassessors.com\/aviso-legal\/#breadcrumb"},"inLanguage":"ca","potentialAction":[{"@type":"ReadAction","target":["https:\/\/marimonassessors.com\/aviso-legal\/"]}]},{"@type":"BreadcrumbList","@id":"https:\/\/marimonassessors.com\/aviso-legal\/#breadcrumb","itemListElement":[{"@type":"ListItem","position":1,"name":"Portada","item":"https:\/\/marimonassessors.com\/"},{"@type":"ListItem","position":2,"name":"Aviso legal"}]},{"@type":"WebSite","@id":"https:\/\/marimonassessors.com\/#website","url":"https:\/\/marimonassessors.com\/","name":"Marimon Assessors","description":"","potentialAction":[{"@type":"SearchAction","target":{"@type":"EntryPoint","urlTemplate":"https:\/\/marimonassessors.com\/?s={search_term_string}"},"query-input":"required name=search_term_string"}],"inLanguage":"ca"}]}},"_links":{"self":[{"href":"https:\/\/marimonassessors.com\/ca\/wp-json\/wp\/v2\/pages\/389","targetHints":{"allow":["GET"]}}],"collection":[{"href":"https:\/\/marimonassessors.com\/ca\/wp-json\/wp\/v2\/pages"}],"about":[{"href":"https:\/\/marimonassessors.com\/ca\/wp-json\/wp\/v2\/types\/page"}],"author":[{"embeddable":true,"href":"https:\/\/marimonassessors.com\/ca\/wp-json\/wp\/v2\/users\/1"}],"replies":[{"embeddable":true,"href":"https:\/\/marimonassessors.com\/ca\/wp-json\/wp\/v2\/comments?post=389"}],"version-history":[{"count":4,"href":"https:\/\/marimonassessors.com\/ca\/wp-json\/wp\/v2\/pages\/389\/revisions"}],"predecessor-version":[{"id":398,"href":"https:\/\/marimonassessors.com\/ca\/wp-json\/wp\/v2\/pages\/389\/revisions\/398"}],"wp:attachment":[{"href":"https:\/\/marimonassessors.com\/ca\/wp-json\/wp\/v2\/media?parent=389"}],"curies":[{"name":"wp","href":"https:\/\/api.w.org\/{rel}","templated":true}]}}